{"id":1903,"date":"2024-03-07T19:02:58","date_gmt":"2024-03-07T19:02:58","guid":{"rendered":"https:\/\/cheesecakelove.ch\/?post_type=product&#038;p=1903"},"modified":"2024-12-06T11:19:29","modified_gmt":"2024-12-06T10:19:29","slug":"cheese-brulee-cheesecake","status":"publish","type":"product","link":"https:\/\/cheesecakelove.ch\/en\/product\/cheese-brulee-cheesecake\/","title":{"rendered":"Cheese Br\u00fbl\u00e9e Cheesecake"},"content":{"rendered":"<p><span data-sheets-root=\"1\" data-sheets-value=\"{&quot;1&quot;:2,&quot;2&quot;:&quot;Experience the classic French dessert reimagined in Cheesecake Love's signature style. Our Vanilla Cr\u00e8me Br\u00fbl\u00e9e Cheesecake features a rich, creamy vanilla flavor and a crunchy brown sugar topping caramelized to perfection with a flame. Indulge in this decadent treat that combines the best of both worlds for a truly unforgettable dessert experience.&quot;}\" data-sheets-userformat=\"{&quot;2&quot;:897,&quot;3&quot;:{&quot;1&quot;:0},&quot;10&quot;:0,&quot;11&quot;:4,&quot;12&quot;:0}\">Experience the classic French dessert re-imagined in Cheesecake Love&#8217;s signature style. Our Vanilla Cr\u00e8me Br\u00fbl\u00e9e Cheesecake features a rich, creamy vanilla flavor and a crunchy brown sugar topping caramelized to perfection with a flame. Indulge in this decadent treat that combines the best of both worlds for a truly unforgettable dessert experience.<\/span><\/p>\n","protected":false},"excerpt":{"rendered":"<p>Experience the classic French dessert re-imagined in Cheesecake Love&#8217;s signature style. Our Vanilla Cr\u00e8me Br\u00fbl\u00e9e Cheesecake features a rich, creamy vanilla flavor and a crunchy brown sugar topping caramelized to perfection with a flame. Indulge in this decadent treat that combines the best of both worlds for a truly unforgettable dessert experience.<\/p>\n","protected":false},"featured_media":7822,"comment_status":"open","ping_status":"closed","template":"","meta":{"_eb_attr":"","_crdt_document":"","advanced_seo_description":"","jetpack_seo_html_title":"","jetpack_seo_noindex":false,"jetpack_post_was_ever_published":false,"jetpack_publicize_message":"","jetpack_publicize_feature_enabled":true,"jetpack_social_post_already_shared":true,"jetpack_social_options":{"image_generator_settings":{"template":"highway","default_image_id":0,"font":"","enabled":false},"version":2},"_wpas_customize_per_network":false},"product_brand":[],"product_cat":[1402,1405,1404,1413,1421,1415,1418,1414],"product_tag":[],"class_list":{"0":"post-1903","1":"product","2":"type-product","3":"status-publish","4":"has-post-thumbnail","6":"product_cat-cheesecakes","7":"product_cat-choco-nuts-more-cheesecakes","8":"product_cat-classics-cheesecakes","9":"product_cat-lactose-free","10":"product_cat-lactose-free-cheesecakes","11":"product_cat-choco-nuts-more-cheesecakes-lactose-free","12":"product_cat-choco-nuts-more-cheeselettes-lactose-free","13":"product_cat-classic-cheesecakes-lactose-free","15":"first","16":"instock","17":"taxable","18":"shipping-taxable","19":"purchasable","20":"product-type-variable"},"bundled_by":[],"bundle_stock_status":"instock","bundle_stock_quantity":null,"bundle_virtual":false,"bundle_layout":"","bundle_add_to_cart_form_location":"","bundle_editable_in_cart":false,"bundle_sold_individually_context":"","bundle_item_grouping":"","bundle_min_size":"","bundle_max_size":"","bundle_price":[],"bundled_items":[],"bundle_sell_ids":[],"exclude_global_add_ons":[],"addons":[],"jetpack_publicize_connections":[],"jetpack_sharing_enabled":true,"jetpack_likes_enabled":true,"_links":{"self":[{"href":"https:\/\/cheesecakelove.ch\/en\/wp-json\/wp\/v2\/product\/1903","targetHints":{"allow":["GET"]}}],"collection":[{"href":"https:\/\/cheesecakelove.ch\/en\/wp-json\/wp\/v2\/product"}],"about":[{"href":"https:\/\/cheesecakelove.ch\/en\/wp-json\/wp\/v2\/types\/product"}],"replies":[{"embeddable":true,"href":"https:\/\/cheesecakelove.ch\/en\/wp-json\/wp\/v2\/comments?post=1903"}],"version-history":[{"count":4,"href":"https:\/\/cheesecakelove.ch\/en\/wp-json\/wp\/v2\/product\/1903\/revisions"}],"predecessor-version":[{"id":11056,"href":"https:\/\/cheesecakelove.ch\/en\/wp-json\/wp\/v2\/product\/1903\/revisions\/11056"}],"wp:featuredmedia":[{"embeddable":true,"href":"https:\/\/cheesecakelove.ch\/en\/wp-json\/wp\/v2\/media\/7822"}],"wp:attachment":[{"href":"https:\/\/cheesecakelove.ch\/en\/wp-json\/wp\/v2\/media?parent=1903"}],"wp:term":[{"taxonomy":"product_brand","embeddable":true,"href":"https:\/\/cheesecakelove.ch\/en\/wp-json\/wp\/v2\/product_brand?post=1903"},{"taxonomy":"product_cat","embeddable":true,"href":"https:\/\/cheesecakelove.ch\/en\/wp-json\/wp\/v2\/product_cat?post=1903"},{"taxonomy":"product_tag","embeddable":true,"href":"https:\/\/cheesecakelove.ch\/en\/wp-json\/wp\/v2\/product_tag?post=1903"}],"curies":[{"name":"wp","href":"https:\/\/api.w.org\/{rel}","templated":true}]}}